{"id":2,"date":"2011-02-16T20:15:14","date_gmt":"2011-02-16T19:15:14","guid":{"rendered":"http:\/\/salto-ekholmen.se\/wordpress\/?page_id=2"},"modified":"2024-11-12T21:21:52","modified_gmt":"2024-11-12T20:21:52","slug":"om","status":"publish","type":"page","link":"https:\/\/salto-ekholmen.se\/","title":{"rendered":"V\u00e4lkommen"},"content":{"rendered":"\n<p> Senaste inl\u00e4ggen: <\/p>\n\n\n<ul class=\"wp-block-latest-posts__list wp-block-latest-posts\"><li><a class=\"wp-block-latest-posts__post-title\" href=\"https:\/\/salto-ekholmen.se\/?p=1368\">Verksamhetsber\u00e4ttelse 2_2025 1_2026<\/a><\/li>\n<li><a class=\"wp-block-latest-posts__post-title\" href=\"https:\/\/salto-ekholmen.se\/?p=1362\">Resultat och balans<\/a><\/li>\n<li><a class=\"wp-block-latest-posts__post-title\" href=\"https:\/\/salto-ekholmen.se\/?p=1354\">Medlemsavgift 2026<\/a><\/li>\n<li><a class=\"wp-block-latest-posts__post-title\" href=\"https:\/\/salto-ekholmen.se\/?p=1349\">Styrelsem\u00f6te januari 2026<\/a><\/li>\n<li><a class=\"wp-block-latest-posts__post-title\" href=\"https:\/\/salto-ekholmen.se\/?p=1339\">Bli medlem hos oss du med<\/a><\/li>\n<\/ul>\n\n<p>\u00a0<\/p>\n<p>Om f\u00f6reningen:<\/p>\n<p>Salt\u00f6 Ekholmens Tr\u00e4dg\u00e5rds- och Intressef\u00f6rening bildades redan 1925 och \u00e4r sedan dess alltj\u00e4mt en aktiv och livskraftig f\u00f6rening med idag cirka 200 medlemmar.<\/p>\n<p><a href=\"https:\/\/www.facebook.com\/groups\/246829215526869\/\">Salt\u00f6 Ekholmens Tr\u00e4dg\u00e5rds- och Intressef\u00f6rening &#8211; Facebooksida<\/a><\/p>\n<p>Inledningsvis var f\u00f6reningens syfte att st\u00f6dja tr\u00e4dg\u00e5rdsn\u00e4ringen, men alltefter hand har uppgiften \u00f6verg\u00e5tt till att ta upp alla \u00f6vriga fr\u00e5gor av gemensamt intresse ur s\u00e5v\u00e4l utvecklings- som trivselsynpunkt. F\u00f6reningens medlemmar visar ett starkt engagemang och stort intresse, d\u00e5 det g\u00e4llt att p\u00e5verka s\u00e5v\u00e4l den egna boendemilj\u00f6n som att m\u00f6jligg\u00f6ra f\u00f6r \u00f6vriga karlskronabor och turister att njuta av &#8221;de tv\u00e5 leende \u00f6arna med sin lummiga gr\u00f6nska&#8221;, som Salt\u00f6 och Ekholmen tidigt ben\u00e4mdes.<\/p>\n<p>V\u00e5r f\u00f6rhoppning \u00e4r att vi \u00e4ven framgent kan leva upp till att vara det som amiral Tersmeden med sin Stockholmsreferens redan p\u00e5 1700-talet betraktade som Karlskronas Djurg\u00e5rden.<\/p>\n<p>Vi vill bjuda p\u00e5 en fantastisk boendemilj\u00f6, sk\u00f6na och naturn\u00e4ra cykel- och promenadv\u00e4gar samt Karlskronas i s\u00e4rklass b\u00e4sta badplats. \u00d6arna Salt\u00f6, Ekholmen och Drags\u00f6 skall f\u00f6r karlskronaborna och alla g\u00e4ster vara v\u00e4rldsarvsstaden Karlskronas naturliga omr\u00e5de f\u00f6r rekreation och avkoppling.<\/p>\n<p>\u00a0<\/p>\n<h3>Vill du bli medlem?<\/h3>\n<p>S\u00e4tt in 100:- p\u00e5 bankgiro nr: <strong>726-4922<\/strong> ange namn, nummer och adress i meddelande f\u00e4ltet.<\/p>\n<p>Eller s\u00e4tt in samma summa p\u00e5 f\u00f6ljande Swish nummer: 123 651 0838 och l\u00e4mna namn, nummer och adress som meddelande.<\/p>\n<p>Maila styrelsen@salto-ekholmen.se vid fr\u00e5gor<\/p>","protected":false},"excerpt":{"rendered":"<p>Senaste inl\u00e4ggen: \u00a0 Om f\u00f6reningen: Salt\u00f6 Ekholmens Tr\u00e4dg\u00e5rds- och Intressef\u00f6rening bildades redan 1925 och \u00e4r sedan dess alltj\u00e4mt en aktiv och livskraftig f\u00f6rening med idag cirka 200 medlemmar. Salt\u00f6 Ekholmens Tr\u00e4dg\u00e5rds- och Intressef\u00f6rening &#8211; Facebooksida Inledningsvis var f\u00f6reningens syfte att st\u00f6dja tr\u00e4dg\u00e5rdsn\u00e4ringen, men alltefter hand har uppgiften \u00f6verg\u00e5tt till att ta upp alla \u00f6vriga fr\u00e5gor &hellip; <\/p>\n<p class=\"link-more\"><a href=\"https:\/\/salto-ekholmen.se\/\" class=\"more-link\">Forts\u00e4tt l\u00e4sa<span class=\"screen-reader-text\"> &#8221;V\u00e4lkommen&#8221;<\/span><\/a><\/p>\n","protected":false},"author":1,"featured_media":0,"parent":0,"menu_order":0,"comment_status":"closed","ping_status":"open","template":"","meta":{"ngg_post_thumbnail":0},"_links":{"self":[{"href":"https:\/\/salto-ekholmen.se\/index.php?rest_route=\/wp\/v2\/pages\/2"}],"collection":[{"href":"https:\/\/salto-ekholmen.se\/index.php?rest_route=\/wp\/v2\/pages"}],"about":[{"href":"https:\/\/salto-ekholmen.se\/index.php?rest_route=\/wp\/v2\/types\/page"}],"author":[{"embeddable":true,"href":"https:\/\/salto-ekholmen.se\/index.php?rest_route=\/wp\/v2\/users\/1"}],"replies":[{"embeddable":true,"href":"https:\/\/salto-ekholmen.se\/index.php?rest_route=%2Fwp%2Fv2%2Fcomments&post=2"}],"version-history":[{"count":14,"href":"https:\/\/salto-ekholmen.se\/index.php?rest_route=\/wp\/v2\/pages\/2\/revisions"}],"predecessor-version":[{"id":1174,"href":"https:\/\/salto-ekholmen.se\/index.php?rest_route=\/wp\/v2\/pages\/2\/revisions\/1174"}],"wp:attachment":[{"href":"https:\/\/salto-ekholmen.se\/index.php?rest_route=%2Fwp%2Fv2%2Fmedia&parent=2"}],"curies":[{"name":"wp","href":"https:\/\/api.w.org\/{rel}","templated":true}]}}