{"id":10,"date":"2011-02-16T20:32:12","date_gmt":"2011-02-16T19:32:12","guid":{"rendered":"http:\/\/salto-ekholmen.se\/wordpress\/?page_id=10"},"modified":"2011-02-16T21:55:52","modified_gmt":"2011-02-16T20:55:52","slug":"fotoalbum","status":"publish","type":"page","link":"https:\/\/salto-ekholmen.se\/?page_id=10","title":{"rendered":"Fotoalbum"},"content":{"rendered":"<p><strong><!-- index.php -->\n<div\n\tclass=\"ngg-galleryoverview ngg-ajax-pagination-none\"\n\tid=\"ngg-gallery-a30f81b1d681f42348b20252bf9166a5-1\">\n\n    \t<div class=\"slideshowlink\">\n        <a href='https:\/\/salto-ekholmen.se\/index.php\/nggallery\/slideshow?page_id=10'>[Show as slideshow]<\/a>\n\t\t\n\t<\/div>\n\t\t\t<!-- Thumbnails -->\n\t\t\t\t<div id=\"ngg-image-0\" class=\"ngg-gallery-thumbnail-box\" >\n\t\t\t\t        <div class=\"ngg-gallery-thumbnail\">\n            <a href=\"https:\/\/salto-ekholmen.se\/wp-content\/gallery\/seti\/DSC01066.JPG\"\n               title=\"Julmys med Seti medlemmar 5\/12\"\n               data-src=\"https:\/\/salto-ekholmen.se\/wp-content\/gallery\/seti\/DSC01066.JPG\"\n               data-thumbnail=\"https:\/\/salto-ekholmen.se\/wp-content\/gallery\/seti\/thumbs\/thumbs_DSC01066.JPG\"\n               data-image-id=\"73\"\n               data-title=\"DSC01066\"\n               data-description=\"Julmys med Seti medlemmar 5\/12\"\n               data-image-slug=\"dsc01066\"\n               class=\"ngg-fancybox\" rel=\"a30f81b1d681f42348b20252bf9166a5\">\n                <img\n                    title=\"DSC01066\"\n                    alt=\"DSC01066\"\n                    src=\"https:\/\/salto-ekholmen.se\/wp-content\/gallery\/seti\/thumbs\/thumbs_DSC01066.JPG\"\n                    width=\"100\"\n                    height=\"75\"\n                    style=\"max-width:100%;\"\n                \/>\n            <\/a>\n        <\/div>\n\t\t\t\t\t\t\t<\/div> \n\t\t\t\n        \n\t\t\t\t<div id=\"ngg-image-1\" class=\"ngg-gallery-thumbnail-box\" >\n\t\t\t\t        <div class=\"ngg-gallery-thumbnail\">\n            <a href=\"https:\/\/salto-ekholmen.se\/wp-content\/gallery\/seti\/IMG_8235.JPG\"\n               title=\"Valborg 2017\"\n               data-src=\"https:\/\/salto-ekholmen.se\/wp-content\/gallery\/seti\/IMG_8235.JPG\"\n               data-thumbnail=\"https:\/\/salto-ekholmen.se\/wp-content\/gallery\/seti\/thumbs\/thumbs_IMG_8235.JPG\"\n               data-image-id=\"70\"\n               data-title=\"IMG_8235\"\n               data-description=\"Valborg 2017\"\n               data-image-slug=\"img_8235\"\n               class=\"ngg-fancybox\" rel=\"a30f81b1d681f42348b20252bf9166a5\">\n                <img\n                    title=\"IMG_8235\"\n                    alt=\"IMG_8235\"\n                    src=\"https:\/\/salto-ekholmen.se\/wp-content\/gallery\/seti\/thumbs\/thumbs_IMG_8235.JPG\"\n                    width=\"100\"\n                    height=\"75\"\n                    style=\"max-width:100%;\"\n                \/>\n            <\/a>\n        <\/div>\n\t\t\t\t\t\t\t<\/div> \n\t\t\t\n        \n\t\t\t\t<div id=\"ngg-image-2\" class=\"ngg-gallery-thumbnail-box\" >\n\t\t\t\t        <div class=\"ngg-gallery-thumbnail\">\n            <a href=\"https:\/\/salto-ekholmen.se\/wp-content\/gallery\/seti\/IMG_8233.JPG\"\n               title=\"Valborg 2017\"\n               data-src=\"https:\/\/salto-ekholmen.se\/wp-content\/gallery\/seti\/IMG_8233.JPG\"\n               data-thumbnail=\"https:\/\/salto-ekholmen.se\/wp-content\/gallery\/seti\/thumbs\/thumbs_IMG_8233.JPG\"\n               data-image-id=\"71\"\n               data-title=\"IMG_8233\"\n               data-description=\"Valborg 2017\"\n               data-image-slug=\"img_8233\"\n               class=\"ngg-fancybox\" rel=\"a30f81b1d681f42348b20252bf9166a5\">\n                <img\n                    title=\"IMG_8233\"\n                    alt=\"IMG_8233\"\n                    src=\"https:\/\/salto-ekholmen.se\/wp-content\/gallery\/seti\/thumbs\/thumbs_IMG_8233.JPG\"\n                    width=\"100\"\n                    height=\"75\"\n                    style=\"max-width:100%;\"\n                \/>\n            <\/a>\n        <\/div>\n\t\t\t\t\t\t\t<\/div> \n\t\t\t\n        \n\t\t\t\t<div id=\"ngg-image-3\" class=\"ngg-gallery-thumbnail-box\" >\n\t\t\t\t        <div class=\"ngg-gallery-thumbnail\">\n            <a href=\"https:\/\/salto-ekholmen.se\/wp-content\/gallery\/seti\/IMG_8221.JPG\"\n               title=\"Valborg 2017\"\n               data-src=\"https:\/\/salto-ekholmen.se\/wp-content\/gallery\/seti\/IMG_8221.JPG\"\n               data-thumbnail=\"https:\/\/salto-ekholmen.se\/wp-content\/gallery\/seti\/thumbs\/thumbs_IMG_8221.JPG\"\n               data-image-id=\"72\"\n               data-title=\"IMG_8221\"\n               data-description=\"Valborg 2017\"\n               data-image-slug=\"img_8221\"\n               class=\"ngg-fancybox\" rel=\"a30f81b1d681f42348b20252bf9166a5\">\n                <img\n                    title=\"IMG_8221\"\n                    alt=\"IMG_8221\"\n                    src=\"https:\/\/salto-ekholmen.se\/wp-content\/gallery\/seti\/thumbs\/thumbs_IMG_8221.JPG\"\n                    width=\"100\"\n                    height=\"75\"\n                    style=\"max-width:100%;\"\n                \/>\n            <\/a>\n        <\/div>\n\t\t\t\t\t\t\t<\/div> \n\t\t\t\n        \n\t\t\t\t<div id=\"ngg-image-4\" class=\"ngg-gallery-thumbnail-box\" >\n\t\t\t\t        <div class=\"ngg-gallery-thumbnail\">\n            <a href=\"https:\/\/salto-ekholmen.se\/wp-content\/gallery\/seti\/IMG_7174.JPG\"\n               title=\"\"\n               data-src=\"https:\/\/salto-ekholmen.se\/wp-content\/gallery\/seti\/IMG_7174.JPG\"\n               data-thumbnail=\"https:\/\/salto-ekholmen.se\/wp-content\/gallery\/seti\/thumbs\/thumbs_IMG_7174.JPG\"\n               data-image-id=\"69\"\n               data-title=\"IMG_7174\"\n               data-description=\"\"\n               data-image-slug=\"img_7174\"\n               class=\"ngg-fancybox\" rel=\"a30f81b1d681f42348b20252bf9166a5\">\n                <img\n                    title=\"IMG_7174\"\n                    alt=\"IMG_7174\"\n                    src=\"https:\/\/salto-ekholmen.se\/wp-content\/gallery\/seti\/thumbs\/thumbs_IMG_7174.JPG\"\n                    width=\"100\"\n                    height=\"75\"\n                    style=\"max-width:100%;\"\n                \/>\n            <\/a>\n        <\/div>\n\t\t\t\t\t\t\t<\/div> \n\t\t\t\n        \n\t\t\t\t<div id=\"ngg-image-5\" class=\"ngg-gallery-thumbnail-box\" >\n\t\t\t\t        <div class=\"ngg-gallery-thumbnail\">\n            <a href=\"https:\/\/salto-ekholmen.se\/wp-content\/gallery\/seti\/IMG_7173.JPG\"\n               title=\"\"\n               data-src=\"https:\/\/salto-ekholmen.se\/wp-content\/gallery\/seti\/IMG_7173.JPG\"\n               data-thumbnail=\"https:\/\/salto-ekholmen.se\/wp-content\/gallery\/seti\/thumbs\/thumbs_IMG_7173.JPG\"\n               data-image-id=\"68\"\n               data-title=\"IMG_7173\"\n               data-description=\"\"\n               data-image-slug=\"img_7173\"\n               class=\"ngg-fancybox\" rel=\"a30f81b1d681f42348b20252bf9166a5\">\n                <img\n                    title=\"IMG_7173\"\n                    alt=\"IMG_7173\"\n                    src=\"https:\/\/salto-ekholmen.se\/wp-content\/gallery\/seti\/thumbs\/thumbs_IMG_7173.JPG\"\n                    width=\"100\"\n                    height=\"75\"\n                    style=\"max-width:100%;\"\n                \/>\n            <\/a>\n        <\/div>\n\t\t\t\t\t\t\t<\/div> \n\t\t\t\n        \n\t\t\t\t<div id=\"ngg-image-6\" class=\"ngg-gallery-thumbnail-box\" >\n\t\t\t\t        <div class=\"ngg-gallery-thumbnail\">\n            <a href=\"https:\/\/salto-ekholmen.se\/wp-content\/gallery\/seti\/IMG_7171.JPG\"\n               title=\"\"\n               data-src=\"https:\/\/salto-ekholmen.se\/wp-content\/gallery\/seti\/IMG_7171.JPG\"\n               data-thumbnail=\"https:\/\/salto-ekholmen.se\/wp-content\/gallery\/seti\/thumbs\/thumbs_IMG_7171.JPG\"\n               data-image-id=\"67\"\n               data-title=\"IMG_7171\"\n               data-description=\"\"\n               data-image-slug=\"img_7171\"\n               class=\"ngg-fancybox\" rel=\"a30f81b1d681f42348b20252bf9166a5\">\n                <img\n                    title=\"IMG_7171\"\n                    alt=\"IMG_7171\"\n                    src=\"https:\/\/salto-ekholmen.se\/wp-content\/gallery\/seti\/thumbs\/thumbs_IMG_7171.JPG\"\n                    width=\"100\"\n                    height=\"75\"\n                    style=\"max-width:100%;\"\n                \/>\n            <\/a>\n        <\/div>\n\t\t\t\t\t\t\t<\/div> \n\t\t\t\n        \n\t\t\t\t<div id=\"ngg-image-7\" class=\"ngg-gallery-thumbnail-box\" >\n\t\t\t\t        <div class=\"ngg-gallery-thumbnail\">\n            <a href=\"https:\/\/salto-ekholmen.se\/wp-content\/gallery\/seti\/IMG_7166.JPG\"\n               title=\"\"\n               data-src=\"https:\/\/salto-ekholmen.se\/wp-content\/gallery\/seti\/IMG_7166.JPG\"\n               data-thumbnail=\"https:\/\/salto-ekholmen.se\/wp-content\/gallery\/seti\/thumbs\/thumbs_IMG_7166.JPG\"\n               data-image-id=\"66\"\n               data-title=\"IMG_7166\"\n               data-description=\"\"\n               data-image-slug=\"img_7166\"\n               class=\"ngg-fancybox\" rel=\"a30f81b1d681f42348b20252bf9166a5\">\n                <img\n                    title=\"IMG_7166\"\n                    alt=\"IMG_7166\"\n                    src=\"https:\/\/salto-ekholmen.se\/wp-content\/gallery\/seti\/thumbs\/thumbs_IMG_7166.JPG\"\n                    width=\"100\"\n                    height=\"75\"\n                    style=\"max-width:100%;\"\n                \/>\n            <\/a>\n        <\/div>\n\t\t\t\t\t\t\t<\/div> \n\t\t\t\n        \n\t\t\t\t<div id=\"ngg-image-8\" class=\"ngg-gallery-thumbnail-box\" >\n\t\t\t\t        <div class=\"ngg-gallery-thumbnail\">\n            <a href=\"https:\/\/salto-ekholmen.se\/wp-content\/gallery\/seti\/IMG_7162.JPG\"\n               title=\"\"\n               data-src=\"https:\/\/salto-ekholmen.se\/wp-content\/gallery\/seti\/IMG_7162.JPG\"\n               data-thumbnail=\"https:\/\/salto-ekholmen.se\/wp-content\/gallery\/seti\/thumbs\/thumbs_IMG_7162.JPG\"\n               data-image-id=\"65\"\n               data-title=\"IMG_7162\"\n               data-description=\"\"\n               data-image-slug=\"img_7162\"\n               class=\"ngg-fancybox\" rel=\"a30f81b1d681f42348b20252bf9166a5\">\n                <img\n                    title=\"IMG_7162\"\n                    alt=\"IMG_7162\"\n                    src=\"https:\/\/salto-ekholmen.se\/wp-content\/gallery\/seti\/thumbs\/thumbs_IMG_7162.JPG\"\n                    width=\"100\"\n                    height=\"75\"\n                    style=\"max-width:100%;\"\n                \/>\n            <\/a>\n        <\/div>\n\t\t\t\t\t\t\t<\/div> \n\t\t\t\n        \n\t\t\t\t<div id=\"ngg-image-9\" class=\"ngg-gallery-thumbnail-box\" >\n\t\t\t\t        <div class=\"ngg-gallery-thumbnail\">\n            <a href=\"https:\/\/salto-ekholmen.se\/wp-content\/gallery\/seti\/V__402C.jpg\"\n               title=\"\"\n               data-src=\"https:\/\/salto-ekholmen.se\/wp-content\/gallery\/seti\/V__402C.jpg\"\n               data-thumbnail=\"https:\/\/salto-ekholmen.se\/wp-content\/gallery\/seti\/thumbs\/thumbs_V__402C.jpg\"\n               data-image-id=\"64\"\n               data-title=\"Ordf\u00f6randen g\u00e5r p\u00e5 djupet\"\n               data-description=\"\"\n               data-image-slug=\"v__402c\"\n               class=\"ngg-fancybox\" rel=\"a30f81b1d681f42348b20252bf9166a5\">\n                <img\n                    title=\"Ordf\u00f6randen g\u00e5r p\u00e5 djupet\"\n                    alt=\"Ordf\u00f6randen g\u00e5r p\u00e5 djupet\"\n                    src=\"https:\/\/salto-ekholmen.se\/wp-content\/gallery\/seti\/thumbs\/thumbs_V__402C.jpg\"\n                    width=\"100\"\n                    height=\"75\"\n                    style=\"max-width:100%;\"\n                \/>\n            <\/a>\n        <\/div>\n\t\t\t\t\t\t\t<\/div> \n\t\t\t\n        \n\t\t\t\t<div id=\"ngg-image-10\" class=\"ngg-gallery-thumbnail-box\" >\n\t\t\t\t        <div class=\"ngg-gallery-thumbnail\">\n            <a href=\"https:\/\/salto-ekholmen.se\/wp-content\/gallery\/seti\/V__4C86.jpg\"\n               title=\"\"\n               data-src=\"https:\/\/salto-ekholmen.se\/wp-content\/gallery\/seti\/V__4C86.jpg\"\n               data-thumbnail=\"https:\/\/salto-ekholmen.se\/wp-content\/gallery\/seti\/thumbs\/thumbs_V__4C86.jpg\"\n               data-image-id=\"63\"\n               data-title=\"Plantering av v\u00e5rdtr\u00e4det\"\n               data-description=\"\"\n               data-image-slug=\"v__4c86\"\n               class=\"ngg-fancybox\" rel=\"a30f81b1d681f42348b20252bf9166a5\">\n                <img\n                    title=\"Plantering av v\u00e5rdtr\u00e4det\"\n                    alt=\"Plantering av v\u00e5rdtr\u00e4det\"\n                    src=\"https:\/\/salto-ekholmen.se\/wp-content\/gallery\/seti\/thumbs\/thumbs_V__4C86.jpg\"\n                    width=\"100\"\n                    height=\"75\"\n                    style=\"max-width:100%;\"\n                \/>\n            <\/a>\n        <\/div>\n\t\t\t\t\t\t\t<\/div> \n\t\t\t\n        \n\t\t\t\t<div id=\"ngg-image-11\" class=\"ngg-gallery-thumbnail-box\" >\n\t\t\t\t        <div class=\"ngg-gallery-thumbnail\">\n            <a href=\"https:\/\/salto-ekholmen.se\/wp-content\/gallery\/seti\/Valborg-15-7.jpg\"\n               title=\"\"\n               data-src=\"https:\/\/salto-ekholmen.se\/wp-content\/gallery\/seti\/Valborg-15-7.jpg\"\n               data-thumbnail=\"https:\/\/salto-ekholmen.se\/wp-content\/gallery\/seti\/thumbs\/thumbs_Valborg-15-7.jpg\"\n               data-image-id=\"62\"\n               data-title=\"Valborg 15-7\"\n               data-description=\"\"\n               data-image-slug=\"valborg-15-7\"\n               class=\"ngg-fancybox\" rel=\"a30f81b1d681f42348b20252bf9166a5\">\n                <img\n                    title=\"Valborg 15-7\"\n                    alt=\"Valborg 15-7\"\n                    src=\"https:\/\/salto-ekholmen.se\/wp-content\/gallery\/seti\/thumbs\/thumbs_Valborg-15-7.jpg\"\n                    width=\"100\"\n                    height=\"75\"\n                    style=\"max-width:100%;\"\n                \/>\n            <\/a>\n        <\/div>\n\t\t\t\t\t\t\t<\/div> \n\t\t\t\n        \n\t\t\t\t<div id=\"ngg-image-12\" class=\"ngg-gallery-thumbnail-box\" >\n\t\t\t\t        <div class=\"ngg-gallery-thumbnail\">\n            <a href=\"https:\/\/salto-ekholmen.se\/wp-content\/gallery\/seti\/Valborg-15-3.jpg\"\n               title=\"\"\n               data-src=\"https:\/\/salto-ekholmen.se\/wp-content\/gallery\/seti\/Valborg-15-3.jpg\"\n               data-thumbnail=\"https:\/\/salto-ekholmen.se\/wp-content\/gallery\/seti\/thumbs\/thumbs_Valborg-15-3.jpg\"\n               data-image-id=\"61\"\n               data-title=\"Valborg 15-3\"\n               data-description=\"\"\n               data-image-slug=\"valborg-15-3\"\n               class=\"ngg-fancybox\" rel=\"a30f81b1d681f42348b20252bf9166a5\">\n                <img\n                    title=\"Valborg 15-3\"\n                    alt=\"Valborg 15-3\"\n                    src=\"https:\/\/salto-ekholmen.se\/wp-content\/gallery\/seti\/thumbs\/thumbs_Valborg-15-3.jpg\"\n                    width=\"100\"\n                    height=\"75\"\n                    style=\"max-width:100%;\"\n                \/>\n            <\/a>\n        <\/div>\n\t\t\t\t\t\t\t<\/div> \n\t\t\t\n        \n\t\t\t\t<div id=\"ngg-image-13\" class=\"ngg-gallery-thumbnail-box\" >\n\t\t\t\t        <div class=\"ngg-gallery-thumbnail\">\n            <a href=\"https:\/\/salto-ekholmen.se\/wp-content\/gallery\/seti\/Valborg-15-1.jpg\"\n               title=\"\"\n               data-src=\"https:\/\/salto-ekholmen.se\/wp-content\/gallery\/seti\/Valborg-15-1.jpg\"\n               data-thumbnail=\"https:\/\/salto-ekholmen.se\/wp-content\/gallery\/seti\/thumbs\/thumbs_Valborg-15-1.jpg\"\n               data-image-id=\"60\"\n               data-title=\"Valborg 15-1\"\n               data-description=\"\"\n               data-image-slug=\"valborg-15-1\"\n               class=\"ngg-fancybox\" rel=\"a30f81b1d681f42348b20252bf9166a5\">\n                <img\n                    title=\"Valborg 15-1\"\n                    alt=\"Valborg 15-1\"\n                    src=\"https:\/\/salto-ekholmen.se\/wp-content\/gallery\/seti\/thumbs\/thumbs_Valborg-15-1.jpg\"\n                    width=\"100\"\n                    height=\"75\"\n                    style=\"max-width:100%;\"\n                \/>\n            <\/a>\n        <\/div>\n\t\t\t\t\t\t\t<\/div> \n\t\t\t\n        \n\t\t\t\t<div id=\"ngg-image-14\" class=\"ngg-gallery-thumbnail-box\" >\n\t\t\t\t        <div class=\"ngg-gallery-thumbnail\">\n            <a href=\"https:\/\/salto-ekholmen.se\/wp-content\/gallery\/seti\/Vaborg-15-4.jpg\"\n               title=\"\"\n               data-src=\"https:\/\/salto-ekholmen.se\/wp-content\/gallery\/seti\/Vaborg-15-4.jpg\"\n               data-thumbnail=\"https:\/\/salto-ekholmen.se\/wp-content\/gallery\/seti\/thumbs\/thumbs_Vaborg-15-4.jpg\"\n               data-image-id=\"59\"\n               data-title=\"Vaborg 15-4\"\n               data-description=\"\"\n               data-image-slug=\"vaborg-15-4\"\n               class=\"ngg-fancybox\" rel=\"a30f81b1d681f42348b20252bf9166a5\">\n                <img\n                    title=\"Vaborg 15-4\"\n                    alt=\"Vaborg 15-4\"\n                    src=\"https:\/\/salto-ekholmen.se\/wp-content\/gallery\/seti\/thumbs\/thumbs_Vaborg-15-4.jpg\"\n                    width=\"100\"\n                    height=\"75\"\n                    style=\"max-width:100%;\"\n                \/>\n            <\/a>\n        <\/div>\n\t\t\t\t\t\t\t<\/div> \n\t\t\t\n        \n\t\t\t\t<div id=\"ngg-image-15\" class=\"ngg-gallery-thumbnail-box\" >\n\t\t\t\t        <div class=\"ngg-gallery-thumbnail\">\n            <a href=\"https:\/\/salto-ekholmen.se\/wp-content\/gallery\/seti\/valborg-salto-2013.jpg\"\n               title=\"Valborg salt\u00f6 2013\"\n               data-src=\"https:\/\/salto-ekholmen.se\/wp-content\/gallery\/seti\/valborg-salto-2013.jpg\"\n               data-thumbnail=\"https:\/\/salto-ekholmen.se\/wp-content\/gallery\/seti\/thumbs\/thumbs_valborg-salto-2013.jpg\"\n               data-image-id=\"58\"\n               data-title=\"Valborg salt\u00f6 2013\"\n               data-description=\"Valborg salt\u00f6 2013\"\n               data-image-slug=\"valborg-salto-2013\"\n               class=\"ngg-fancybox\" rel=\"a30f81b1d681f42348b20252bf9166a5\">\n                <img\n                    title=\"Valborg salt\u00f6 2013\"\n                    alt=\"Valborg salt\u00f6 2013\"\n                    src=\"https:\/\/salto-ekholmen.se\/wp-content\/gallery\/seti\/thumbs\/thumbs_valborg-salto-2013.jpg\"\n                    width=\"100\"\n                    height=\"75\"\n                    style=\"max-width:100%;\"\n                \/>\n            <\/a>\n        <\/div>\n\t\t\t\t\t\t\t<\/div> \n\t\t\t\n        \n\t\t\t\t<div id=\"ngg-image-16\" class=\"ngg-gallery-thumbnail-box\" >\n\t\t\t\t        <div class=\"ngg-gallery-thumbnail\">\n            <a href=\"https:\/\/salto-ekholmen.se\/wp-content\/gallery\/seti\/bella-donnakoren-salto-2013.jpg\"\n               title=\"Bella donnak\u00f6ren salt\u00f6 2013\"\n               data-src=\"https:\/\/salto-ekholmen.se\/wp-content\/gallery\/seti\/bella-donnakoren-salto-2013.jpg\"\n               data-thumbnail=\"https:\/\/salto-ekholmen.se\/wp-content\/gallery\/seti\/thumbs\/thumbs_bella-donnakoren-salto-2013.jpg\"\n               data-image-id=\"57\"\n               data-title=\"Bella donnak\u00f6ren salt\u00f6 2013\"\n               data-description=\"Bella donnak\u00f6ren salt\u00f6 2013\"\n               data-image-slug=\"bella-donnakoren-salto-2013\"\n               class=\"ngg-fancybox\" rel=\"a30f81b1d681f42348b20252bf9166a5\">\n                <img\n                    title=\"Bella donnak\u00f6ren salt\u00f6 2013\"\n                    alt=\"Bella donnak\u00f6ren salt\u00f6 2013\"\n                    src=\"https:\/\/salto-ekholmen.se\/wp-content\/gallery\/seti\/thumbs\/thumbs_bella-donnakoren-salto-2013.jpg\"\n                    width=\"100\"\n                    height=\"75\"\n                    style=\"max-width:100%;\"\n                \/>\n            <\/a>\n        <\/div>\n\t\t\t\t\t\t\t<\/div> \n\t\t\t\n        \n\t\t\t\t<div id=\"ngg-image-17\" class=\"ngg-gallery-thumbnail-box\" >\n\t\t\t\t        <div class=\"ngg-gallery-thumbnail\">\n            <a href=\"https:\/\/salto-ekholmen.se\/wp-content\/gallery\/seti\/dsc_0151.jpg\"\n               title=\"Tr\u00e4dg\u00e5rdskunnige Bertil T\u00f6rngren o eldsj\u00e4len Marita Jerserup.\"\n               data-src=\"https:\/\/salto-ekholmen.se\/wp-content\/gallery\/seti\/dsc_0151.jpg\"\n               data-thumbnail=\"https:\/\/salto-ekholmen.se\/wp-content\/gallery\/seti\/thumbs\/thumbs_dsc_0151.jpg\"\n               data-image-id=\"52\"\n               data-title=\"Tr\u00e4dg\u00e5rdskunnige Bertil T\u00f6rngren o eldsj\u00e4len Marita Jerserup.\"\n               data-description=\"Tr\u00e4dg\u00e5rdskunnige Bertil T\u00f6rngren o eldsj\u00e4len Marita Jerserup.\"\n               data-image-slug=\"tradgardskunnige-bertil-torngren-o-eldsjalen-marita-jerserup\"\n               class=\"ngg-fancybox\" rel=\"a30f81b1d681f42348b20252bf9166a5\">\n                <img\n                    title=\"Tr\u00e4dg\u00e5rdskunnige Bertil T\u00f6rngren o eldsj\u00e4len Marita Jerserup.\"\n                    alt=\"Tr\u00e4dg\u00e5rdskunnige Bertil T\u00f6rngren o eldsj\u00e4len Marita Jerserup.\"\n                    src=\"https:\/\/salto-ekholmen.se\/wp-content\/gallery\/seti\/thumbs\/thumbs_dsc_0151.jpg\"\n                    width=\"100\"\n                    height=\"75\"\n                    style=\"max-width:100%;\"\n                \/>\n            <\/a>\n        <\/div>\n\t\t\t\t\t\t\t<\/div> \n\t\t\t\n        \n\t\t\t\t<div id=\"ngg-image-18\" class=\"ngg-gallery-thumbnail-box\" >\n\t\t\t\t        <div class=\"ngg-gallery-thumbnail\">\n            <a href=\"https:\/\/salto-ekholmen.se\/wp-content\/gallery\/seti\/dsc_0150.jpg\"\n               title=\"Intresserade \u00e5h\u00f6rare.\"\n               data-src=\"https:\/\/salto-ekholmen.se\/wp-content\/gallery\/seti\/dsc_0150.jpg\"\n               data-thumbnail=\"https:\/\/salto-ekholmen.se\/wp-content\/gallery\/seti\/thumbs\/thumbs_dsc_0150.jpg\"\n               data-image-id=\"51\"\n               data-title=\"Intresserade \u00e5h\u00f6rare.\"\n               data-description=\"Intresserade \u00e5h\u00f6rare.\"\n               data-image-slug=\"intresserade-ahorare\"\n               class=\"ngg-fancybox\" rel=\"a30f81b1d681f42348b20252bf9166a5\">\n                <img\n                    title=\"Intresserade \u00e5h\u00f6rare.\"\n                    alt=\"Intresserade \u00e5h\u00f6rare.\"\n                    src=\"https:\/\/salto-ekholmen.se\/wp-content\/gallery\/seti\/thumbs\/thumbs_dsc_0150.jpg\"\n                    width=\"100\"\n                    height=\"75\"\n                    style=\"max-width:100%;\"\n                \/>\n            <\/a>\n        <\/div>\n\t\t\t\t\t\t\t<\/div> \n\t\t\t\n        \n\t\t\t\t<div id=\"ngg-image-19\" class=\"ngg-gallery-thumbnail-box\" >\n\t\t\t\t        <div class=\"ngg-gallery-thumbnail\">\n            <a href=\"https:\/\/salto-ekholmen.se\/wp-content\/gallery\/seti\/p5130005.jpg\"\n               title=\"\"\n               data-src=\"https:\/\/salto-ekholmen.se\/wp-content\/gallery\/seti\/p5130005.jpg\"\n               data-thumbnail=\"https:\/\/salto-ekholmen.se\/wp-content\/gallery\/seti\/thumbs\/thumbs_p5130005.jpg\"\n               data-image-id=\"50\"\n               data-title=\"p5130005\"\n               data-description=\"\"\n               data-image-slug=\"p5130005\"\n               class=\"ngg-fancybox\" rel=\"a30f81b1d681f42348b20252bf9166a5\">\n                <img\n                    title=\"p5130005\"\n                    alt=\"p5130005\"\n                    src=\"https:\/\/salto-ekholmen.se\/wp-content\/gallery\/seti\/thumbs\/thumbs_p5130005.jpg\"\n                    width=\"100\"\n                    height=\"75\"\n                    style=\"max-width:100%;\"\n                \/>\n            <\/a>\n        <\/div>\n\t\t\t\t\t\t\t<\/div> \n\t\t\t\n        \n\t\t\n\t\t<!-- Pagination -->\n\t<div class='ngg-navigation'><span class='current'>1<\/span>\n<a class='page-numbers' data-pageid='2' href='https:\/\/salto-ekholmen.se\/index.php\/nggallery\/page\/2?page_id=10'>2<\/a>\n<span class='ellipsis'>...<\/span>\n<a class='page-numbers' data-pageid='4' href='https:\/\/salto-ekholmen.se\/index.php\/nggallery\/page\/4?page_id=10'>4<\/a>\n<a class='prev' href='https:\/\/salto-ekholmen.se\/index.php\/nggallery\/page\/2?page_id=10' data-pageid=2>&#9658;<\/a><\/div>\t<\/div>\n<\/strong><\/p>\n","protected":false},"excerpt":{"rendered":"","protected":false},"author":1,"featured_media":0,"parent":0,"menu_order":0,"comment_status":"closed","ping_status":"open","template":"","meta":{"ngg_post_thumbnail":0},"_links":{"self":[{"href":"https:\/\/salto-ekholmen.se\/index.php?rest_route=\/wp\/v2\/pages\/10"}],"collection":[{"href":"https:\/\/salto-ekholmen.se\/index.php?rest_route=\/wp\/v2\/pages"}],"about":[{"href":"https:\/\/salto-ekholmen.se\/index.php?rest_route=\/wp\/v2\/types\/page"}],"author":[{"embeddable":true,"href":"https:\/\/salto-ekholmen.se\/index.php?rest_route=\/wp\/v2\/users\/1"}],"replies":[{"embeddable":true,"href":"https:\/\/salto-ekholmen.se\/index.php?rest_route=%2Fwp%2Fv2%2Fcomments&post=10"}],"version-history":[{"count":4,"href":"https:\/\/salto-ekholmen.se\/index.php?rest_route=\/wp\/v2\/pages\/10\/revisions"}],"predecessor-version":[{"id":22,"href":"https:\/\/salto-ekholmen.se\/index.php?rest_route=\/wp\/v2\/pages\/10\/revisions\/22"}],"wp:attachment":[{"href":"https:\/\/salto-ekholmen.se\/index.php?rest_route=%2Fwp%2Fv2%2Fmedia&parent=10"}],"curies":[{"name":"wp","href":"https:\/\/api.w.org\/{rel}","templated":true}]}}