{"id":6,"date":"2011-02-16T20:31:48","date_gmt":"2011-02-16T19:31:48","guid":{"rendered":"http:\/\/salto-ekholmen.se\/wordpress\/?page_id=6"},"modified":"2025-10-27T20:40:19","modified_gmt":"2025-10-27T19:40:19","slug":"protokoll","status":"publish","type":"page","link":"http:\/\/salto-ekholmen.se\/?page_id=6","title":{"rendered":"Protokoll"},"content":{"rendered":"<p><a href=\"http:\/\/salto-ekholmen.se\/wp-content\/uploads\/Konstituerande-styrelsemote-2025-10-26.pdf\">Konstituerande styrelsem\u00f6te 2025-10-26<\/a><\/p>\n<p><a href=\"http:\/\/salto-ekholmen.se\/wp-content\/uploads\/Verksamhetsberattelse-2024-och-forsta-halvaret-2025-rev-B.pdf\">Verksamhetsber\u00e4ttelse 2024 och f\u00f6rsta halv\u00e5ret 2025<\/a><\/p>\n<p><a href=\"http:\/\/salto-ekholmen.se\/wp-content\/uploads\/\u00c5rsm\u00f6te-SETI-2022.docx\">Protokoll \u00c5rsm\u00f6te SETI 2022<\/a><\/p>\n<p>Protokoll \u00c5rsm\u00f6te SETI 2021<\/p>\n<p><a href=\"http:\/\/salto-ekholmen.se\/wp-content\/uploads\/Kombinerat-a\u030arsmo\u0308te-och-ho\u0308stmo\u0308te-SETI-2020-09-20-2.pdf\">SETI Protokoll \u00e5rsm\u00f6te\/h\u00f6stm\u00f6te 2020<\/a><\/p>\n<p><a href=\"http:\/\/salto-ekholmen.se\/wp-content\/uploads\/Skrivelse-om-paviljong-p\u00e5-fotbollsplan.docx\">SETI Skrivelse ang paviljong p\u00e5 fotbollsplan 2019<\/a><\/p>\n<p><a href=\"http:\/\/salto-ekholmen.se\/wp-content\/uploads\/Minnesanteckningar-20191210.docx\">SETI Protokoll m\u00f6te med kommunen 2019<\/a><\/p>\n<p><a href=\"http:\/\/salto-ekholmen.se\/wp-content\/uploads\/H\u00f6stm\u00f6te-2019-Trafik-och-parkering.pdf\">SETI Protokoll h\u00f6stm\u00f6te 2019<\/a><\/p>\n<p><a href=\"http:\/\/salto-ekholmen.se\/wp-content\/uploads\/Inbjudan-H\u00f6stm\u00f6te-SETI-2019-11-28.doc\" rel=\"attachment wp-att-1004\">Inbjudan till SETI h\u00f6stm\u00f6te 2019<\/a><\/p>\n<p>\u00c5rsmo\u0308te SETI protokoll 2019<\/p>\n<p><a href=\"http:\/\/salto-ekholmen.se\/?attachment_id=1004\" rel=\"attachment wp-att-1004\">Inbjudan till SETI h\u00f6stm\u00f6te 2018<\/a><\/p>\n<p><a href=\"http:\/\/salto-ekholmen.se\/?attachment_id=999\" rel=\"attachment wp-att-999\">SETI styrelsem\u00f6te 2018-10-22<\/a><\/p>\n<p><a href=\"http:\/\/salto-ekholmen.se\/?attachment_id=996\" rel=\"attachment wp-att-996\">SETI styrelsem\u00f6te 2018-08-07<\/a><\/p>\n<p><a href=\"http:\/\/salto-ekholmen.se\/?attachment_id=983\" rel=\"attachment wp-att-983\">SETI Protokoll 2018-06-14<\/a><\/p>\n<p><a href=\"http:\/\/salto-ekholmen.se\/?attachment_id=980\" rel=\"attachment wp-att-980\">\u00c5rsmo\u0308te SETI protokoll 2018<\/a><\/p>\n<p><a href=\"http:\/\/salto-ekholmen.se\/?attachment_id=977\" rel=\"attachment wp-att-977\">Seti protokoll 2018-04-23<\/a><\/p>\n<p><a href=\"http:\/\/salto-ekholmen.se\/?attachment_id=970\" rel=\"attachment wp-att-970\">SETI \u00c5rsprogram 2018<\/a><\/p>\n<p><a href=\"http:\/\/salto-ekholmen.se\/?attachment_id=966\" rel=\"attachment wp-att-966\">Seti Protokoll 2018-03-08<\/a><\/p>\n<p><a href=\"http:\/\/salto-ekholmen.se\/?attachment_id=963\" rel=\"attachment wp-att-963\">Seti protokoll 2018-02-01<\/a><\/p>\n<p><a href=\"http:\/\/salto-ekholmen.se\/?attachment_id=962\" rel=\"attachment wp-att-962\">Seti protokoll 2017-12-18<\/a><\/p>\n<p><a href=\"http:\/\/salto-ekholmen.se\/?attachment_id=961\" rel=\"attachment wp-att-961\">H\u00f6stm\u00f6te SETI 2017<\/a><\/p>\n<p><a href=\"http:\/\/salto-ekholmen.se\/?attachment_id=948\" rel=\"attachment wp-att-948\">Seti protokoll 2017-10-18<\/a><\/p>\n<p><a href=\"http:\/\/salto-ekholmen.se\/?attachment_id=941\" rel=\"attachment wp-att-941\">Protokoll 2017-09-14<\/a><\/p>\n<p><a href=\"http:\/\/salto-ekholmen.se\/?attachment_id=924\" rel=\"attachment wp-att-924\">Protokoll 2017-07-06<\/a><\/p>\n<p><a href=\"http:\/\/salto-ekholmen.se\/?attachment_id=911\" rel=\"attachment wp-att-911\">Styrelsem\u00f6te 2017-05-14<\/a><\/p>\n<p><a href=\"http:\/\/salto-ekholmen.se\/?attachment_id=899\" rel=\"attachment wp-att-899\">Protokoll \u00c5rsm\u00f6te SETI dagordning 2017<\/a><\/p>\n<p><a href=\"http:\/\/salto-ekholmen.se\/?attachment_id=894\" rel=\"attachment wp-att-894\">protokoll styrelsem\u00f6te 170423<\/a><\/p>\n<p><a href=\"http:\/\/salto-ekholmen.se\/wp-content\/uploads\/Styrelsem\u00f6te-170312.doc\">protokoll styrelsem\u00f6te 170312<\/a><\/p>\n<p><a href=\"http:\/\/salto-ekholmen.se\/wp-content\/uploads\/Protokoll_styrelsem\u00f6te_170126.doc\">protokoll styrelsem\u00f6te 170126<\/a><\/p>\n<p><a href=\"http:\/\/salto-ekholmen.se\/wp-content\/uploads\/styrelsem\u00f6te-161215.doc\">protokoll styrelsem\u00f6te 161215<\/a><\/p>\n<p><a href=\"http:\/\/salto-ekholmen.se\/wp-content\/uploads\/Protokoll-h\u00f6stm\u00f6te-2016-11-24.doc\">protokoll h\u00f6stm\u00f6te 161124<\/a><\/p>\n<p><a href=\"http:\/\/salto-ekholmen.se\/wp-content\/uploads\/Protokoll-styrelsem\u00f6te-161113.doc\">protokoll styrelsem\u00f6te 161113<\/a><\/p>\n<p><a href=\"http:\/\/salto-ekholmen.se\/wp-content\/uploads\/protokoll_styrelsem\u00f6te_15_sept.doc\">protokoll styrelsem\u00f6te 160915<\/a><\/p>\n<p><a href=\"http:\/\/salto-ekholmen.se\/wp-content\/uploads\/SETI-Yttrande-Kilstr\u00f6mskaj-.docx\">SETI Yttrande Kilstr\u00f6mskaj<\/a><\/p>\n<p><a href=\"http:\/\/salto-ekholmen.se\/wp-content\/uploads\/Protokoll-SETI-2016-08-01Justerat.doc\">Protokoll 2016-08-01<\/a><\/p>\n<p><a href=\"http:\/\/www.karlskrona.se\/sv\/Projekt\/Kilstromskaj\/Ladda-ner\/\">Kilstr\u00f6mskaj<\/a><\/p>\n<p><a href=\"http:\/\/salto-ekholmen.se\/wp-content\/uploads\/protokoll-avseende-seti-styrelsem\u00f6te-160621.doc\">protokoll styrelsem\u00f6te 160621<\/a><\/p>\n<p><a href=\"http:\/\/salto-ekholmen.se\/wp-content\/uploads\/protokoll-avseende-seti-styrelsem\u00f6te-160519.doc\">protokoll styrelsem\u00f6te 160519<\/a><\/p>\n<p><a href=\"http:\/\/salto-ekholmen.se\/wp-content\/uploads\/protokoll-avseende-Salt\u00f6-Ekholmens-Tr\u00e4dg\u00e5rds-och-Intressef\u00f6renings-konstituerande-styrelsem\u00f6te-2016..doc\">protokoll konstituerande styrelsem\u00f6te 2016<\/a><\/p>\n<p><a href=\"http:\/\/salto-ekholmen.se\/wp-content\/uploads\/protokoll-avseende-Salt\u00f6-Ekholmens-Tr\u00e4dg\u00e5rds-och-Intressef\u00f6renings-\u00e5rsm\u00f6te-2016..doc\">protokoll \u00e5rsm\u00f6te 2016<\/a><\/p>\n<p><a href=\"http:\/\/salto-ekholmen.se\/wp-content\/uploads\/protokoll_avseende_seti_styrelsem\u00f6te_160414-1.doc\">protokoll styrelsem\u00f6te 160414 <\/a><\/p>\n<p><a href=\"http:\/\/salto-ekholmen.se\/wp-content\/uploads\/protokoll-avseende-seti-styrelsem\u00f6te-160303.doc\">protokoll styrelsem\u00f6te 160303<\/a><\/p>\n<p><a href=\"http:\/\/salto-ekholmen.se\/wp-content\/uploads\/protokoll-avseende-seti-styrelsem\u00f6te-160128.doc\">protokoll styrelsem\u00f6te 160128<\/a><\/p>\n<p><a href=\"http:\/\/salto-ekholmen.se\/wp-content\/uploads\/Nya-elavtalet.pdf\">Nya elavtalet<\/a><\/p>\n<p><a href=\"http:\/\/salto-ekholmen.se\/wp-content\/uploads\/Information-nytt-elavtal.pdf\">Information nytt elavtal<\/a><\/p>\n<p><a href=\"http:\/\/salto-ekholmen.se\/wp-content\/uploads\/protokoll-avseende-seti-styrelsem\u00f6te-151216.doc\">protokoll styrelsem\u00f6te 151216<\/a><\/p>\n<p><a href=\"http:\/\/salto-ekholmen.se\/wp-content\/uploads\/Seti-remiss-yttrande-samr\u00e5d-Kihlstr\u00f6mskaj-Karlskrona-kommun.doc\">Seti &#8211; remiss yttrande samr\u00e5d Kihlstr\u00f6mskaj Karlskrona kommun<\/a><\/p>\n<p><a href=\"http:\/\/salto-ekholmen.se\/wp-content\/uploads\/Viktig-information-om-fiber-stadsn\u00e4t.pdf\">Viktig information om fiber-stadsn\u00e4t<\/a><\/p>\n<p><a href=\"http:\/\/salto-ekholmen.se\/wp-content\/uploads\/seti-h\u00f6stm\u00f6te-2015.doc\">seti h\u00f6stm\u00f6te 2015<\/a><\/p>\n<p><a href=\"http:\/\/salto-ekholmen.se\/wp-content\/uploads\/protokoll-avseende-seti-styrelsem\u00f6te-151105.doc\">protokoll styrelsem\u00f6te 151105<\/a><\/p>\n<p><a href=\"http:\/\/salto-ekholmen.se\/wp-content\/uploads\/protokoll-avseende-seti-styrelsem\u00f6te-1509241.doc\">protokoll styrelsem\u00f6te 150924<\/a><\/p>\n<p><a href=\"http:\/\/salto-ekholmen.se\/wp-content\/uploads\/protokoll-avseende-seti-styrelsem\u00f6te-150820.doc\">protokoll styrelsem\u00f6te 150820<\/a><\/p>\n<p><a href=\"http:\/\/salto-ekholmen.se\/wp-content\/uploads\/protokoll-avseende-seti-styrelsem\u00f6te-150603.doc\">protokoll styrelsem\u00f6te 150603<\/a><\/p>\n<p><a href=\"http:\/\/salto-ekholmen.se\/wp-content\/uploads\/protokoll-avseende-seti-styrelsem\u00f6te-150423.doc\">protokoll styrelsem\u00f6te 150423<\/a><\/p>\n<p><a href=\"http:\/\/salto-ekholmen.se\/wp-content\/uploads\/protokoll-avseende-Salt\u00f6-Ekholmens-Tr\u00e4dg\u00e5rds-och-Intressef\u00f6renings-konstituerande-styrelsem\u00f6te-2015..doc\">protokoll konstituerande styrelsem\u00f6te 2015<\/a><\/p>\n<p><a href=\"http:\/\/salto-ekholmen.se\/wp-content\/uploads\/protokoll-avseende-Salt\u00f6-Ekholmens-Tr\u00e4dg\u00e5rds-och-Intressef\u00f6renings-\u00e5rsm\u00f6te-2015..doc\">protokoll \u00e5rsm\u00f6te 2015<\/a><\/p>\n<p><a href=\"http:\/\/salto-ekholmen.se\/wp-content\/uploads\/SETI-14-april.ppt\">SETI 14 april<\/a><br \/>\n<span style=\"font-family: Calibri,sans-serif; font-size: 14.6666669845581px;\">Informationsm\u00f6tet om solcellsel och nytt elavtal lockade ett 15-tal intresserade att lyssna och st\u00e4lla fr\u00e5gor till Aff\u00e4rsverken och till en erfaren mikroproducent av solcellsel. Bj\u00f6rkholmens byalag var ocks\u00e5 representerade via v. ordf. John Karlsson. Det p\u00e5g\u00e5r redan nu f\u00f6rberedande arbete med se \u00f6ver m\u00f6jligheterna inf\u00f6r ett ev. ny elavtalsskrivning med Aff\u00e4rsverken, bl.a. med att \u00f6ppna upp m\u00f6jligheten att f\u00e5 med mikroproduktion och ocks\u00e5 m\u00f6jligheten av v\u00e4xla \u00f6ver fr\u00e5n fast pris till portf\u00f6ljf\u00f6rvaltning. Detta \u00e4mne kommer upp som en punkt p\u00e5 SETI:s kommande \u00e5rsm\u00f6te torsdagen den 23 april.<\/span><\/p>\n<p><a href=\"http:\/\/salto-ekholmen.se\/wp-content\/uploads\/Minnesanteckningar-m\u00f6te-Pottholmen.doc\">Minnesanteckningar m\u00f6te Pottholmen<\/a><\/p>\n<p><a href=\"http:\/\/salto-ekholmen.se\/wp-content\/uploads\/protokoll_avseende_seti_styrelsemote_150326.doc\">protokoll styrelsemote 150326<\/a><\/p>\n<p><a href=\"http:\/\/salto-ekholmen.se\/wp-content\/uploads\/protokoll_avseende_seti_styrelsem\u00f6te_150226.doc\">protokoll styrelsem\u00f6te 150226<\/a><\/p>\n<p><a href=\"http:\/\/salto-ekholmen.se\/wp-content\/uploads\/protokoll_avseende_seti_styrelsem\u00f6te_150122.doc\">protokoll styrelsem\u00f6te 150122<\/a><\/p>\n<p><a href=\"http:\/\/salto-ekholmen.se\/wp-content\/uploads\/protokoll-avseende-seti-styrelsem\u00f6te-141218.doc\">protokoll styrelsem\u00f6te 141218<\/a><\/p>\n<p><a href=\"http:\/\/salto-ekholmen.se\/wp-content\/uploads\/SETI-skrivelse-f\u00f6rstudie-brandstation-III.doc\">SETI skrivelse f\u00f6rstudie brandstation III<\/a><\/p>\n<p><a href=\"http:\/\/salto-ekholmen.se\/wp-content\/uploads\/seti-h\u00f6stm\u00f6te-2014.doc\">seti h\u00f6stm\u00f6te 2014<\/a>\u00a0, <a href=\"http:\/\/salto-ekholmen.se\/wp-content\/uploads\/Salt\u00f6Ekholmen-Aff\u00e4rsverkens-presentation-h\u00f6stm\u00f6tet-2014.ppt\">Salt\u00f6Ekholmen Aff\u00e4rsverkens presentation h\u00f6stm\u00f6tet 2014<\/a><\/p>\n<p><a href=\"http:\/\/salto-ekholmen.se\/wp-content\/uploads\/protokoll-avseende-seti-styrelsem\u00f6te-141106.doc\">protokoll styrelsem\u00f6te 141106<\/a><\/p>\n<p><a href=\"http:\/\/salto-ekholmen.se\/wp-content\/uploads\/protokoll-avseende-seti-styrelsem\u00f6te-141002.doc\">protokoll styrelsem\u00f6te 141002<\/a><\/p>\n<p><a href=\"http:\/\/salto-ekholmen.se\/wp-content\/uploads\/Minnesanteckningar-m\u00f6te-Salt\u00f6-Ekholmen-Bj\u00f6rkholmen-2014-09-09.doc\">Minnesanteckningar m\u00f6te 2014-09-09<\/a><\/p>\n<p><a href=\"http:\/\/salto-ekholmen.se\/wp-content\/uploads\/SETI-kommentarer-till-Pottholmsplanen-2014.doc\">SETI Pottholmsplanen 2014<\/a><\/p>\n<p><a href=\"http:\/\/salto-ekholmen.se\/wp-content\/uploads\/protokoll-avseende-seti-styrelsem\u00f6te-140828.doc\">protokoll styrelsem\u00f6te 140828<\/a><\/p>\n<p><a href=\"http:\/\/salto-ekholmen.se\/wp-content\/uploads\/Seti-samr\u00e5d-Pottholmen.doc\">Seti &#8211; samr\u00e5d Pottholmen<\/a><\/p>\n<p><a href=\"http:\/\/salto-ekholmen.se\/wp-content\/uploads\/protokoll-avseende-seti-styrelsem\u00f6te-140603.doc\">protokoll styrelsem\u00f6te 140603<\/a><\/p>\n<p><a href=\"http:\/\/salto-ekholmen.se\/wp-content\/uploads\/protokoll_avseende_Salt\u00f6-Ekholmens_Tr\u00e4dg\u00e5rds-_och_Intressef\u00f6renings_konstituerande_styrelsem\u00f6te_2014..doc\">protokoll_konstituerande_styrelsem\u00f6te_2014<\/a><\/p>\n<p><a href=\"http:\/\/salto-ekholmen.se\/wp-content\/uploads\/protokoll_avseende_Salt\u00f6-Ekholmens_Tr\u00e4dg\u00e5rds-_och_Intressef\u00f6renings_\u00e5rsm\u00f6te_2014..doc\">protokoll_\u00e5rsm\u00f6te_2014<\/a><\/p>\n<p><a href=\"http:\/\/salto-ekholmen.se\/wp-content\/uploads\/protokoll-avseende-seti-styrelsem\u00f6te-140410.doc\">protokoll styrelsem\u00f6te 140410<\/a><\/p>\n<p><a href=\"http:\/\/salto-ekholmen.se\/wp-content\/uploads\/Seti-VA-utbyggnadsplan-II.doc\">Seti &#8211; VA-utbyggnadsplan II<\/a><\/p>\n<p><a href=\"http:\/\/salto-ekholmen.se\/wp-content\/uploads\/protokoll-avseende-seti-styrelsem\u00f6te-140227.doc\">protokoll styrelsem\u00f6te 140227<\/a><\/p>\n<p><a href=\"http:\/\/salto-ekholmen.se\/wp-content\/uploads\/Seti-f\u00f6p-sk\u00e4rg\u00e5rden-utst\u00e4llning.doc\">Seti &#8211; f\u00f6p sk\u00e4rg\u00e5rden utst\u00e4llning<\/a><\/p>\n<p><a href=\"http:\/\/salto-ekholmen.se\/wp-content\/uploads\/Dokument-fr\u00e5n-R\u00e4ddningstj\u00e4nsten.pdf\">Dokument fr\u00e5n R\u00e4ddningstj\u00e4nsten<\/a><\/p>\n<p><a href=\"http:\/\/salto-ekholmen.se\/wp-content\/uploads\/Svar-fr-R\u00e4ddningstj\u00e4nsten.pdf\">Svar fr R\u00e4ddningstj\u00e4nsten<\/a><\/p>\n<p><a href=\"http:\/\/salto-ekholmen.se\/wp-content\/uploads\/SETI-skrivelse-f\u00f6rstudie-brandstation-II.doc\">SETI skrivelse f\u00f6rstudie brandstation II<\/a><\/p>\n<p><a href=\"http:\/\/salto-ekholmen.se\/wp-content\/uploads\/protokoll-avseende-seti-styrelsem\u00f6te-140123.doc\">protokoll styrelsem\u00f6te 140123<\/a><\/p>\n<p><a href=\"http:\/\/salto-ekholmen.se\/wp-content\/uploads\/protokoll-avseende-seti-styrelsem\u00f6te-131218.doc\">protokoll styrelsem\u00f6te 131218<\/a><\/p>\n<p><a href=\"http:\/\/salto-ekholmen.se\/wp-content\/uploads\/SETI-skrivelse-f\u00f6rstudie-brandstation.doc\">SETI skrivelse f\u00f6rstudie brandstation<\/a><\/p>\n<p><a href=\"http:\/\/salto-ekholmen.se\/wp-content\/uploads\/seti-h\u00f6stm\u00f6te-2013.doc\">seti h\u00f6stm\u00f6te 2013<\/a><\/p>\n<p><a href=\"http:\/\/salto-ekholmen.se\/wp-content\/uploads\/SETI-muddring-tillg\u00e4nlgihet-byggavfall.doc\">Brev till kommunen<\/a><\/p>\n<p><a href=\"http:\/\/salto-ekholmen.se\/wp-content\/uploads\/SETI-skrivelse-salt\u00f6-bollplan-p\u00e5minnelse-II.doc\">SETI skrivelse salt\u00f6 bollplan<\/a><\/p>\n<p><a href=\"http:\/\/salto-ekholmen.se\/wp-content\/uploads\/protokoll-avseende-seti-styrelsem\u00f6te-131114.doc\">protokoll styrelsem\u00f6te 131114<\/a><\/p>\n<p><a href=\"http:\/\/salto-ekholmen.se\/wp-content\/uploads\/protokoll-avseende-seti-styrelsem\u00f6te-130926.doc\">protokoll styrelsem\u00f6te 130926<\/a><\/p>\n<p><a href=\"http:\/\/salto-ekholmen.se\/wp-content\/uploads\/Seti-f\u00f6p-sk\u00e4rg\u00e5rden-samr\u00e5d.doc\">Seti &#8211; f\u00f6p sk\u00e4rg\u00e5rden samr\u00e5d<\/a><\/p>\n<p><a href=\"http:\/\/salto-ekholmen.se\/wp-content\/uploads\/Yttrande-plan-2030-utst\u00e4llning.doc\">Yttrande plan 2030 utst\u00e4llning<\/a><\/p>\n<p><a href=\"http:\/\/salto-ekholmen.se\/wp-content\/uploads\/protokoll-avseende-seti-styrelsem\u00f6te-130829.doc\">protokoll styrelsem\u00f6te 130829<\/a><\/p>\n<p><a href=\"http:\/\/salto-ekholmen.se\/wp-content\/uploads\/Seti-VA-utbyggnadsplan.doc\">Seti &#8211; VA-utbyggnadsplan<\/a><\/p>\n<p><a href=\"http:\/\/salto-ekholmen.se\/wp-content\/uploads\/protokoll_avseende_seti_styrelsem\u00f6te_130530.doc\">protokoll styrelsem\u00f6te 130530<\/a><\/p>\n<p><a href=\"http:\/\/salto-ekholmen.se\/wp-content\/uploads\/SETI-skrivelse-salt\u00f6-bollplan.doc\">SETI skrivelse salt\u00f6 bollplan<\/a><\/p>\n<p><a href=\"http:\/\/salto-ekholmen.se\/wp-content\/uploads\/protokoll-avseende-Salt\u00f6-Ekholmens-Tr\u00e4dg\u00e5rds-och-Intressef\u00f6renings-\u00e5rsm\u00f6te-2013..doc\">protokoll \u00e5rsm\u00f6te 2013<\/a><\/p>\n<p><a href=\"http:\/\/salto-ekholmen.se\/wp-content\/uploads\/protokoll-avseende-Salt\u00f6-Ekholmens-Tr\u00e4dg\u00e5rds-och-Intressef\u00f6renings-konstituerande-styrelsem\u00f6te-2013..doc\">protokoll avseende konstituerande styrelsem\u00f6te 2013<\/a><\/p>\n<p><a href=\"http:\/\/salto-ekholmen.se\/wp-content\/uploads\/protokoll-avseende-seti-styrelsem\u00f6te-130411.doc\">protokoll styrelsem\u00f6te 130411<\/a><\/p>\n<p><a href=\"http:\/\/salto-ekholmen.se\/wp-content\/uploads\/protokoll-avseende-seti-styrelsem\u00f6te-130228.doc\">protokoll styrelsem\u00f6te 130228<\/a><\/p>\n<p><a href=\"http:\/\/salto-ekholmen.se\/wp-content\/uploads\/protokoll-avseende-seti-styrelsem\u00f6te-130131.doc\">protokoll styrelsem\u00f6te 130131<\/a><\/p>\n<p><a href=\"http:\/\/salto-ekholmen.se\/?attachment_id=248\" rel=\"attachment wp-att-248\">protokoll styrelsem\u00f6te 121218<\/a><\/p>\n<p><a href=\"http:\/\/salto-ekholmen.se\/wp-content\/uploads\/seti-h\u00f6stm\u00f6te-2012.doc\">seti h\u00f6stm\u00f6te 2012<\/a><\/p>\n<p><a href=\"http:\/\/salto-ekholmen.se\/wp-content\/uploads\/protokoll-avseende-seti-styrelsem\u00f6te-121115.doc\">protokoll styrelsem\u00f6te 121115<\/a><\/p>\n<p><a href=\"http:\/\/salto-ekholmen.se\/wp-content\/uploads\/protokoll-avseende-seti-styrelsem\u00f6te-121025.doc\">protokoll styrelsem\u00f6te 121025<\/a><\/p>\n<p><a href=\"http:\/\/salto-ekholmen.se\/wp-content\/uploads\/protokoll-avseende-seti-styrelsem\u00f6te-120927.doc\">protokoll styrelsem\u00f6te 120927<\/a><\/p>\n<p><a href=\"http:\/\/salto-ekholmen.se\/wp-content\/uploads\/protokoll-avseende-seti-styrelsem\u00f6te-120823.doc\">protokoll styrelsem\u00f6te 120823<\/a><\/p>\n<p><a href=\"http:\/\/salto-ekholmen.se\/wp-content\/uploads\/protokoll-seti-styrelsemote-120530.doc\">protokoll styrelsem\u00f6te 120530<\/a><\/p>\n<p><a href=\"http:\/\/salto-ekholmen.se\/wp-content\/uploads\/protokoll-avseende-seti-styrelsemote-120426.doc\">protokoll styrelsem\u00f6te 120426<\/a><\/p>\n<p><a href=\"http:\/\/salto-ekholmen.se\/wp-content\/uploads\/protokoll-konstituerande-styrelsemote-120418.doc\">protokoll konstituerande styrelsem\u00f6te 120418<\/a><\/p>\n<p><a href=\"http:\/\/salto-ekholmen.se\/wp-content\/uploads\/protokoll-arsmote-2012.doc\">protokoll arsmote 2012<\/a><\/p>\n<p><a href=\"http:\/\/salto-ekholmen.se\/wp-content\/uploads\/protokoll-avseende-seti-styrelsemote-120329.doc\">protokoll styrelsem\u00f6te 120329<\/a><\/p>\n<p><a href=\"http:\/\/salto-ekholmen.se\/wp-content\/uploads\/protokoll-avseende-seti-styrelsemote-120223.doc\">protokoll styrelsem\u00f6te 120223<\/a><\/p>\n<p><a href=\"http:\/\/salto-ekholmen.se\/wp-content\/uploads\/protokoll-avseende-seti-styrelsemote-120119.doc\">protokoll styrelsem\u00f6te 120119<\/a><\/p>\n<p><a href=\"http:\/\/salto-ekholmen.se\/wp-content\/uploads\/Grillning-jan-12.doc\">Grillning jan 2012<\/a><\/p>\n<p><a href=\"http:\/\/salto-ekholmen.se\/wp-content\/uploads\/protokoll-avseende-seti-styrelsemote-111124.doc\">protokoll 111124<\/a><\/p>\n<p><a href=\"http:\/\/salto-ekholmen.se\/wp-content\/uploads\/seti-hostmote-2011.doc\">h\u00f6stm\u00f6te 2011<\/a><\/p>\n<p><a href=\"http:\/\/salto-ekholmen.se\/wp-content\/uploads\/protokoll-avseende-seti-styrelsem\u00f6te-111116.doc\">protokoll 111116<\/a><\/p>\n<p><a href=\"http:\/\/salto-ekholmen.se\/wp-content\/uploads\/protokoll-avseende-seti-styrelsemote-111027.doc\">protokoll 111027<\/a><\/p>\n<p><span style=\"color: #000000;\"><a href=\"http:\/\/salto-ekholmen.se\/wp-content\/uploads\/HOSTMOTE-2011.doc\">H\u00d6STM\u00d6TE 2011<\/a><\/span><\/p>\n<p><span style=\"color: #000000;\"><a href=\"http:\/\/salto-ekholmen.se\/wp-content\/uploads\/protokoll-avseende-seti-styrelsemote-110922.doc\">protokoll 110922<\/a><\/span><\/p>\n<p><a href=\"http:\/\/salto-ekholmen.se\/wp-content\/uploads\/protokoll-110825.doc\">protokoll 110825<\/a><\/p>\n<p><a href=\"http:\/\/salto-ekholmen.se\/wp-content\/uploads\/Vaxtbytardag.doc\">V\u00e4xtbytardag<\/a><\/p>\n<p><a href=\"http:\/\/salto-ekholmen.se\/wp-content\/uploads\/Staddag-HT-11.doc\">St\u00e4ddag HT-11<\/a><\/p>\n<p><a href=\"http:\/\/salto-ekholmen.se\/wp-content\/uploads\/Resa-2011-Bornholm.doc\">Resa 2011 Bornholm<\/a><\/p>\n<p><a href=\"http:\/\/salto-ekholmen.se\/wp-content\/uploads\/Nytt-elavtal.doc\">Nytt elavtal<\/a><\/p>\n<p><a href=\"http:\/\/salto-ekholmen.se\/wp-content\/uploads\/protokoll-110525.doc\">protokoll 110525<\/a><\/p>\n<p><a href=\"http:\/\/salto-ekholmen.se\/?attachment_id=84\" rel=\"attachment wp-att-84\">protokoll 110427<\/a><\/p>\n<p><a href=\"http:\/\/salto-ekholmen.se\/?attachment_id=90\" rel=\"attachment wp-att-90\">SETI \u00c5rsm\u00f6te 2011<\/a><\/p>\n<p><a href=\"http:\/\/salto-ekholmen.se\/?attachment_id=95\" rel=\"attachment wp-att-95\">Tipspromenad 8 maj<\/a><\/p>\n<p><a href=\"http:\/\/salto-ekholmen.se\/?attachment_id=96\" rel=\"attachment wp-att-96\">Tipspromenad Gu<\/a><\/p>\n<p><a href=\"http:\/\/salto-ekholmen.se\/?attachment_id=93\" rel=\"attachment wp-att-93\">Stranden 8 maj-11<\/a><\/p>\n<p><a href=\"http:\/\/salto-ekholmen.se\/?attachment_id=94\" rel=\"attachment wp-att-94\">Till utl\u00e5ning for Medlemmar<\/a><\/p>\n<p><a href=\"http:\/\/salto-ekholmen.se\/?attachment_id=97\" rel=\"attachment wp-att-97\">Valborgsm\u00e4ssfirande<\/a><\/p>\n<p><a href=\"http:\/\/salto-ekholmen.se\/?attachment_id=83\" rel=\"attachment wp-att-83\">protokoll 110324<\/a><\/p>\n<p><a href=\"http:\/\/salto-ekholmen.se\/?attachment_id=89\" rel=\"attachment wp-att-89\">Salt\u00f6 Ekholmen \u00e5rsm\u00f6te 2011<\/a><\/p>\n<p><a href=\"http:\/\/salto-ekholmen.se\/?attachment_id=78\" rel=\"attachment wp-att-78\">Elavtal Allm\u00e4nna villkor<\/a><\/p>\n<p><a href=\"http:\/\/salto-ekholmen.se\/?attachment_id=82\" rel=\"attachment wp-att-82\">protokoll 110217<\/a><\/p>\n<p><a href=\"http:\/\/salto-ekholmen.se\/?attachment_id=91\" rel=\"attachment wp-att-91\">P\u00e5minnelse till Kommunen<\/a><\/p>\n<p><a href=\"http:\/\/salto-ekholmen.se\/?attachment_id=79\" rel=\"attachment wp-att-79\">Information<\/a><\/p>\n<p><a href=\"http:\/\/salto-ekholmen.se\/?attachment_id=81\" rel=\"attachment wp-att-81\">protokoll 110120<\/a><\/p>\n","protected":false},"excerpt":{"rendered":"<p>Konstituerande styrelsem\u00f6te 2025-10-26 Verksamhetsber\u00e4ttelse 2024 och f\u00f6rsta halv\u00e5ret 2025 Protokoll \u00c5rsm\u00f6te SETI 2022 Protokoll \u00c5rsm\u00f6te SETI 2021 SETI Protokoll \u00e5rsm\u00f6te\/h\u00f6stm\u00f6te 2020 SETI Skrivelse ang paviljong p\u00e5 fotbollsplan 2019 SETI Protokoll m\u00f6te med kommunen 2019 SETI Protokoll h\u00f6stm\u00f6te 2019 Inbjudan till SETI h\u00f6stm\u00f6te 2019 \u00c5rsmo\u0308te SETI protokoll 2019 Inbjudan till SETI h\u00f6stm\u00f6te 2018 SETI styrelsem\u00f6te 2018-10-22 &hellip; <\/p>\n<p class=\"link-more\"><a href=\"http:\/\/salto-ekholmen.se\/?page_id=6\" class=\"more-link\">Forts\u00e4tt l\u00e4sa<span class=\"screen-reader-text\"> &#8221;Protokoll&#8221;<\/span><\/a><\/p>\n","protected":false},"author":1,"featured_media":0,"parent":0,"menu_order":0,"comment_status":"closed","ping_status":"open","template":"","meta":{"ngg_post_thumbnail":0},"_links":{"self":[{"href":"http:\/\/salto-ekholmen.se\/index.php?rest_route=\/wp\/v2\/pages\/6"}],"collection":[{"href":"http:\/\/salto-ekholmen.se\/index.php?rest_route=\/wp\/v2\/pages"}],"about":[{"href":"http:\/\/salto-ekholmen.se\/index.php?rest_route=\/wp\/v2\/types\/page"}],"author":[{"embeddable":true,"href":"http:\/\/salto-ekholmen.se\/index.php?rest_route=\/wp\/v2\/users\/1"}],"replies":[{"embeddable":true,"href":"http:\/\/salto-ekholmen.se\/index.php?rest_route=%2Fwp%2Fv2%2Fcomments&post=6"}],"version-history":[{"count":158,"href":"http:\/\/salto-ekholmen.se\/index.php?rest_route=\/wp\/v2\/pages\/6\/revisions"}],"predecessor-version":[{"id":1283,"href":"http:\/\/salto-ekholmen.se\/index.php?rest_route=\/wp\/v2\/pages\/6\/revisions\/1283"}],"wp:attachment":[{"href":"http:\/\/salto-ekholmen.se\/index.php?rest_route=%2Fwp%2Fv2%2Fmedia&parent=6"}],"curies":[{"name":"wp","href":"https:\/\/api.w.org\/{rel}","templated":true}]}}